{"id":2078,"date":"2019-02-10T07:52:56","date_gmt":"2019-02-10T06:52:56","guid":{"rendered":"https:\/\/www.korzybski-elstir.ch\/contatti\/"},"modified":"2023-12-16T14:30:47","modified_gmt":"2023-12-16T13:30:47","slug":"contatto","status":"publish","type":"page","link":"https:\/\/www.korzybski-elstir.ch\/it\/contatto\/","title":{"rendered":"Contatto"},"content":{"rendered":"<h2><strong><span style=\"color: #ffffff; font-size: 28px; font-weight: 400;\" data-darkreader-inline-color=\"\">Contatto<\/span><\/strong><\/h2>\n<hr \/>\n<p>&nbsp;<\/p>\n<p>Entrare in relazione con un&#8217;altra persona non \u00e8 mai una questione di geometria in cui quello che conta \u00e8 il percorso pi\u00f9 breve, la linea retta. Al contrario, i lunghi peripli e le curve, poich\u00e9 apportano esperienze, sono una fonte di ricchezza da condividere.<\/p>\n<p>Siamo curiosi di tutto e il nostro universo primario \u00e8 quello della letteratura, dell&#8217;alterit\u00e0 e dell&#8217;attimo fuggente che va ricordato.<\/p>\n<p>Se siete interessati al nostro approccio, non esitate a mettervi in contatto con noi e noi saremo lieti sia di leggervi che di rispondervi.<\/p>\n<p>&nbsp;<\/p>\n<p><span lang=\"FR-CH\">Di solito, ogni sito web ha una mappa dinamica con un indirizzo e un itinerario. L&#8217;avete capito, il nostro rapporto con le mappe \u00e8 particolare. La nostra posizione si riassume in un punto rosso. Quella mostrata qui \u00e8 pi\u00f9 vaga, forse pi\u00f9 poetica di quelle usuali. La sua misurazione risale al 1730 e ci ricorda che tutto non \u00e8 che un passaggio, o addirittura una finzione, come diceva spesso il nostro poeta preferito. D&#8217;altronde, il nostro desiderio di fermare il tempo attraverso le nostre foto prende forse ispirazione da questi suoi pochi versi, senza dubbio ispirati a loro volta da Eraclito:<\/span><\/p>\n<p><img loading=\"lazy\" decoding=\"async\" class=\"alignright wp-image-1078 \" src=\"https:\/\/www.korzybski-elstir.ch\/wp-content\/uploads\/2023\/11\/contact.png\" alt=\"\" width=\"277\" height=\"249\" srcset=\"https:\/\/www.korzybski-elstir.ch\/wp-content\/uploads\/2023\/11\/contact.png 539w, https:\/\/www.korzybski-elstir.ch\/wp-content\/uploads\/2023\/11\/contact-300x270.png 300w\" sizes=\"auto, (max-width: 277px) 100vw, 277px\" \/><\/p>\n<p style=\"margin: 12pt 0cm; padding-left: 40px;\"><strong><em>Guardare il fiume ch\u2019\u00e8 di tempo e di acqua,<\/em><\/strong><\/p>\n<p style=\"margin: 12pt 0cm; padding-left: 40px;\"><strong><em>e ricordare che anche il tempo \u00e8 un fiume,<\/em><\/strong><\/p>\n<p style=\"margin: 12pt 0cm; padding-left: 40px;\"><strong><em>saper che ci perdiamo come il fiume,<\/em><\/strong><\/p>\n<p style=\"margin: 12pt 0cm; padding-left: 40px;\"><strong><em>e che passano i volti come l\u2019acqua.<\/em><\/strong><\/p>\n<p>&nbsp;<\/p>\n<p><center>\n<div class=\"wpcf7 no-js\" id=\"wpcf7-f2091-o1\" lang=\"it-IT\" dir=\"ltr\">\n<div class=\"screen-reader-response\"><p role=\"status\" aria-live=\"polite\" aria-atomic=\"true\"><\/p> <ul><\/ul><\/div>\n<form action=\"\/it\/wp-json\/wp\/v2\/pages\/2078#wpcf7-f2091-o1\" method=\"post\" class=\"wpcf7-form init\" aria-label=\"Modulo di contatto\" novalidate=\"novalidate\" data-status=\"init\">\n<div style=\"display: none;\">\n<input type=\"hidden\" name=\"_wpcf7\" value=\"2091\" \/>\n<input type=\"hidden\" name=\"_wpcf7_version\" value=\"5.8.2\" \/>\n<input type=\"hidden\" name=\"_wpcf7_locale\" value=\"it_IT\" \/>\n<input type=\"hidden\" name=\"_wpcf7_unit_tag\" value=\"wpcf7-f2091-o1\" \/>\n<input type=\"hidden\" name=\"_wpcf7_container_post\" value=\"0\" \/>\n<input type=\"hidden\" name=\"_wpcf7_posted_data_hash\" value=\"\" \/>\n<input type=\"hidden\" name=\"_wpcf7_recaptcha_response\" value=\"\" \/>\n<\/div>\n<p><span class=\"wpcf7-form-control-wrap\" data-name=\"your-name\"><input size=\"40\" class=\"wpcf7-form-control wpcf7-text wpcf7-validates-as-required\" aria-required=\"true\" aria-invalid=\"false\" placeholder=\"Il tuo nome\" value=\"\" type=\"text\" name=\"your-name\" \/><\/span>\n<\/p>\n<p><span class=\"wpcf7-form-control-wrap\" data-name=\"your-email\"><input size=\"40\" class=\"wpcf7-form-control wpcf7-email wpcf7-validates-as-required wpcf7-text wpcf7-validates-as-email\" aria-required=\"true\" aria-invalid=\"false\" placeholder=\"La tua email\" value=\"\" type=\"email\" name=\"your-email\" \/><\/span>\n<\/p>\n<p><span class=\"wpcf7-form-control-wrap\" data-name=\"your-subject\"><input size=\"40\" class=\"wpcf7-form-control wpcf7-text\" aria-invalid=\"false\" placeholder=\"Soggetto\" value=\"\" type=\"text\" name=\"your-subject\" \/><\/span>\n<\/p>\n<p><span class=\"wpcf7-form-control-wrap\" data-name=\"your-message\"><textarea cols=\"40\" rows=\"10\" class=\"wpcf7-form-control wpcf7-textarea wpcf7-validates-as-required\" aria-required=\"true\" aria-invalid=\"false\" placeholder=\"Il tuo messaggio\" name=\"your-message\"><\/textarea><\/span>\n<\/p>\n<p><button class=\"btn float-btn flat-btn color-bg wpcf7-form-control wpcf7-submit\">Invia<\/button>\n<\/p><div class=\"wpcf7-response-output\" aria-hidden=\"true\"><\/div>\n<\/form>\n<\/div>\n<\/center><\/p>\n","protected":false},"excerpt":{"rendered":"<p>Contatto &nbsp; Entrare in relazione con un&#8217;altra persona non \u00e8 mai una questione di geometria&#8230;<\/p>\n","protected":false},"author":3,"featured_media":1720,"parent":0,"menu_order":0,"comment_status":"closed","ping_status":"closed","template":"","meta":{"_monsterinsights_skip_tracking":false,"_monsterinsights_sitenote_active":false,"_monsterinsights_sitenote_note":"","_monsterinsights_sitenote_category":0,"footnotes":""},"class_list":["post-2078","page","type-page","status-publish","has-post-thumbnail","hentry"],"aioseo_notices":[],"_links":{"self":[{"href":"https:\/\/www.korzybski-elstir.ch\/it\/wp-json\/wp\/v2\/pages\/2078","targetHints":{"allow":["GET"]}}],"collection":[{"href":"https:\/\/www.korzybski-elstir.ch\/it\/wp-json\/wp\/v2\/pages"}],"about":[{"href":"https:\/\/www.korzybski-elstir.ch\/it\/wp-json\/wp\/v2\/types\/page"}],"author":[{"embeddable":true,"href":"https:\/\/www.korzybski-elstir.ch\/it\/wp-json\/wp\/v2\/users\/3"}],"replies":[{"embeddable":true,"href":"https:\/\/www.korzybski-elstir.ch\/it\/wp-json\/wp\/v2\/comments?post=2078"}],"version-history":[{"count":7,"href":"https:\/\/www.korzybski-elstir.ch\/it\/wp-json\/wp\/v2\/pages\/2078\/revisions"}],"predecessor-version":[{"id":2104,"href":"https:\/\/www.korzybski-elstir.ch\/it\/wp-json\/wp\/v2\/pages\/2078\/revisions\/2104"}],"wp:featuredmedia":[{"embeddable":true,"href":"https:\/\/www.korzybski-elstir.ch\/it\/wp-json\/wp\/v2\/media\/1720"}],"wp:attachment":[{"href":"https:\/\/www.korzybski-elstir.ch\/it\/wp-json\/wp\/v2\/media?parent=2078"}],"curies":[{"name":"wp","href":"https:\/\/api.w.org\/{rel}","templated":true}]}}